{"id":84,"date":"2019-01-08T12:23:29","date_gmt":"2019-01-08T12:23:29","guid":{"rendered":"http:\/\/www.ainosound.fi\/?page_id=84"},"modified":"2025-08-26T09:46:30","modified_gmt":"2025-08-26T09:46:30","slug":"showreels","status":"publish","type":"page","link":"https:\/\/www.ainosound.fi\/?page_id=84","title":{"rendered":"PORTFOLIO AND SHOWREELS"},"content":{"rendered":"\n<figure class=\"wp-block-image size-large\"><a href=\"https:\/\/www.canva.com\/design\/DAGxJvSUPB4\/VwUnGJKyiTI-NmOhTfT-ZA\/view?utm_content=DAGxJvSUPB4&amp;utm_campaign=designshare&amp;utm_medium=link2&amp;utm_source=uniquelinks&amp;utlId=hdac4062d99\"><img loading=\"lazy\" decoding=\"async\" width=\"1024\" height=\"579\" src=\"https:\/\/www.ainosound.fi\/wp-content\/uploads\/2025\/08\/Portfolio-page-1-1024x579.png\" alt=\"\" class=\"wp-image-190\" srcset=\"https:\/\/www.ainosound.fi\/wp-content\/uploads\/2025\/08\/Portfolio-page-1-1024x579.png 1024w, https:\/\/www.ainosound.fi\/wp-content\/uploads\/2025\/08\/Portfolio-page-1-300x170.png 300w, https:\/\/www.ainosound.fi\/wp-content\/uploads\/2025\/08\/Portfolio-page-1-768x434.png 768w, https:\/\/www.ainosound.fi\/wp-content\/uploads\/2025\/08\/Portfolio-page-1.png 1334w\" sizes=\"auto, (max-width: 1024px) 100vw, 1024px\" \/><\/a><\/figure>\n\n\n\n<figure class=\"wp-block-embed is-type-video is-provider-vimeo wp-block-embed-vimeo wp-embed-aspect-16-9 wp-has-aspect-ratio\"><div class=\"wp-block-embed__wrapper\">\n<iframe loading=\"lazy\" title=\"NURSING\" src=\"https:\/\/player.vimeo.com\/video\/912986374?dnt=1&amp;app_id=122963\" width=\"660\" height=\"371\" frameborder=\"0\" allow=\"autoplay; fullscreen; picture-in-picture; clipboard-write; encrypted-media; web-share\" referrerpolicy=\"strict-origin-when-cross-origin\"><\/iframe>\n<\/div><\/figure>\n\n\n\n<figure class=\"wp-block-embed is-type-video is-provider-youtube wp-block-embed-youtube wp-embed-aspect-16-9 wp-has-aspect-ratio\"><div class=\"wp-block-embed__wrapper\">\n<iframe loading=\"lazy\" title=\"Aino Sunin lyhytelokuva\" width=\"660\" height=\"371\" src=\"https:\/\/www.youtube.com\/embed\/t1qME3-qRtI?feature=oembed\" frameborder=\"0\" allow=\"accelerometer; autoplay; clipboard-write; encrypted-media; gyroscope; picture-in-picture; web-share\" referrerpolicy=\"strict-origin-when-cross-origin\" allowfullscreen><\/iframe>\n<\/div><figcaption class=\"wp-element-caption\">#minunvala lyhytelokuva<\/figcaption><\/figure>\n\n\n\n<figure class=\"wp-block-image\"><img loading=\"lazy\" decoding=\"async\" width=\"1000\" height=\"667\" src=\"http:\/\/www.ainosound.fi\/wp-content\/uploads\/2020\/03\/nainen_eiOleKaiku_06_pieni.jpg\" alt=\"\" class=\"wp-image-122\" srcset=\"https:\/\/www.ainosound.fi\/wp-content\/uploads\/2020\/03\/nainen_eiOleKaiku_06_pieni.jpg 1000w, https:\/\/www.ainosound.fi\/wp-content\/uploads\/2020\/03\/nainen_eiOleKaiku_06_pieni-300x200.jpg 300w, https:\/\/www.ainosound.fi\/wp-content\/uploads\/2020\/03\/nainen_eiOleKaiku_06_pieni-768x512.jpg 768w\" sizes=\"auto, (max-width: 1000px) 100vw, 1000px\" \/><figcaption class=\"wp-element-caption\"><a href=\"https:\/\/areena.yle.fi\/1-50424688\">Nainen ei ole kaiku- radio essay<\/a><\/figcaption><\/figure>\n\n\n\n<figure class=\"wp-block-embed is-type-video is-provider-vimeo wp-block-embed-vimeo wp-embed-aspect-16-9 wp-has-aspect-ratio\"><div class=\"wp-block-embed__wrapper\">\n<iframe loading=\"lazy\" title=\"Mets\u00e4npeitto \/ Covered by Forest\" src=\"https:\/\/player.vimeo.com\/video\/82542880?dnt=1&amp;app_id=122963\" width=\"660\" height=\"371\" frameborder=\"0\" allow=\"autoplay; fullscreen; picture-in-picture; clipboard-write; encrypted-media; web-share\" referrerpolicy=\"strict-origin-when-cross-origin\"><\/iframe>\n<\/div><\/figure>\n\n\n\n<figure class=\"wp-block-embed is-type-video is-provider-youtube wp-block-embed-youtube wp-embed-aspect-16-9 wp-has-aspect-ratio\"><div class=\"wp-block-embed__wrapper\">\n<iframe loading=\"lazy\" title=\"Showreel2017\" width=\"660\" height=\"371\" src=\"https:\/\/www.youtube.com\/embed\/aQzAWy8FE0I?feature=oembed\" frameborder=\"0\" allow=\"accelerometer; autoplay; clipboard-write; encrypted-media; gyroscope; picture-in-picture; web-share\" referrerpolicy=\"strict-origin-when-cross-origin\" allowfullscreen><\/iframe>\n<\/div><\/figure>\n\n\n\n<figure class=\"wp-block-embed is-type-video is-provider-youtube wp-block-embed-youtube wp-embed-aspect-16-9 wp-has-aspect-ratio\"><div class=\"wp-block-embed__wrapper\">\n<iframe loading=\"lazy\" title=\"Salla H\u00e4m\u00e4l\u00e4inen  Showreel2014\" width=\"660\" height=\"371\" src=\"https:\/\/www.youtube.com\/embed\/iFAo_whjUAg?feature=oembed\" frameborder=\"0\" allow=\"accelerometer; autoplay; clipboard-write; encrypted-media; gyroscope; picture-in-picture; web-share\" referrerpolicy=\"strict-origin-when-cross-origin\" allowfullscreen><\/iframe>\n<\/div><\/figure>\n\n\n\n<p><a href=\"https:\/\/www.ainosound.fi\/\">Frontpage<\/a><br><\/p>\n","protected":false},"excerpt":{"rendered":"<p>Frontpage<\/p>\n","protected":false},"author":1,"featured_media":0,"parent":0,"menu_order":0,"comment_status":"closed","ping_status":"closed","template":"","meta":{"footnotes":""},"class_list":["post-84","page","type-page","status-publish","hentry"],"_links":{"self":[{"href":"https:\/\/www.ainosound.fi\/index.php?rest_route=\/wp\/v2\/pages\/84","targetHints":{"allow":["GET"]}}],"collection":[{"href":"https:\/\/www.ainosound.fi\/index.php?rest_route=\/wp\/v2\/pages"}],"about":[{"href":"https:\/\/www.ainosound.fi\/index.php?rest_route=\/wp\/v2\/types\/page"}],"author":[{"embeddable":true,"href":"https:\/\/www.ainosound.fi\/index.php?rest_route=\/wp\/v2\/users\/1"}],"replies":[{"embeddable":true,"href":"https:\/\/www.ainosound.fi\/index.php?rest_route=%2Fwp%2Fv2%2Fcomments&post=84"}],"version-history":[{"count":11,"href":"https:\/\/www.ainosound.fi\/index.php?rest_route=\/wp\/v2\/pages\/84\/revisions"}],"predecessor-version":[{"id":193,"href":"https:\/\/www.ainosound.fi\/index.php?rest_route=\/wp\/v2\/pages\/84\/revisions\/193"}],"wp:attachment":[{"href":"https:\/\/www.ainosound.fi\/index.php?rest_route=%2Fwp%2Fv2%2Fmedia&parent=84"}],"curies":[{"name":"wp","href":"https:\/\/api.w.org\/{rel}","templated":true}]}}