{"id":81,"date":"2019-01-08T12:42:53","date_gmt":"2019-01-08T12:42:53","guid":{"rendered":"http:\/\/www.ainosound.fi\/?page_id=81"},"modified":"2024-02-14T15:44:14","modified_gmt":"2024-02-14T15:44:14","slug":"links","status":"publish","type":"page","link":"https:\/\/www.ainosound.fi\/?page_id=81","title":{"rendered":"LINKS"},"content":{"rendered":"\n<p><a href=\"https:\/\/www.imdb.com\/name\/nm1071655\/#sound_department\">https:\/\/www.imdb.com\/name\/nm1071655\/#sound_department<\/a><\/p>\n\n\n\n<p><a href=\"https:\/\/www.facebook.com\/ainosound.fi\/\">https:\/\/www.facebook.com\/ainosound.fi\/<\/a><\/p>\n\n\n\n<p><a href=\"https:\/\/www.instagram.com\/salla.hamalainen\/\">https:\/\/www.instagram.com\/salla.hamalainen\/<\/a><\/p>\n\n\n\n<p><a href=\"https:\/\/www.linkedin.com\/in\/salla-h\u00e4m\u00e4l\u00e4inen-93a1309\">https:\/\/www.linkedin.com\/in\/salla-h\u00e4m\u00e4l\u00e4inen-93a1309<\/a><\/p>\n\n\n\n<p><a href=\"http:\/\/www.ainosound.fi\">Back to frontpage<\/a><\/p>\n","protected":false},"excerpt":{"rendered":"<p>https:\/\/www.imdb.com\/name\/nm1071655\/#sound_department https:\/\/www.facebook.com\/ainosound.fi\/ https:\/\/www.instagram.com\/salla.hamalainen\/ https:\/\/www.linkedin.com\/in\/salla-h\u00e4m\u00e4l\u00e4inen-93a1309 Back to frontpage<\/p>\n","protected":false},"author":1,"featured_media":0,"parent":0,"menu_order":0,"comment_status":"closed","ping_status":"closed","template":"","meta":{"footnotes":""},"class_list":["post-81","page","type-page","status-publish","hentry"],"_links":{"self":[{"href":"https:\/\/www.ainosound.fi\/index.php?rest_route=\/wp\/v2\/pages\/81","targetHints":{"allow":["GET"]}}],"collection":[{"href":"https:\/\/www.ainosound.fi\/index.php?rest_route=\/wp\/v2\/pages"}],"about":[{"href":"https:\/\/www.ainosound.fi\/index.php?rest_route=\/wp\/v2\/types\/page"}],"author":[{"embeddable":true,"href":"https:\/\/www.ainosound.fi\/index.php?rest_route=\/wp\/v2\/users\/1"}],"replies":[{"embeddable":true,"href":"https:\/\/www.ainosound.fi\/index.php?rest_route=%2Fwp%2Fv2%2Fcomments&post=81"}],"version-history":[{"count":6,"href":"https:\/\/www.ainosound.fi\/index.php?rest_route=\/wp\/v2\/pages\/81\/revisions"}],"predecessor-version":[{"id":161,"href":"https:\/\/www.ainosound.fi\/index.php?rest_route=\/wp\/v2\/pages\/81\/revisions\/161"}],"wp:attachment":[{"href":"https:\/\/www.ainosound.fi\/index.php?rest_route=%2Fwp%2Fv2%2Fmedia&parent=81"}],"curies":[{"name":"wp","href":"https:\/\/api.w.org\/{rel}","templated":true}]}}